{"id":30,"date":"2012-06-05T18:40:48","date_gmt":"2012-06-05T18:40:48","guid":{"rendered":"http:\/\/www.darkdiamond.cz\/?page_id=30"},"modified":"2018-04-25T12:58:08","modified_gmt":"2018-04-25T10:58:08","slug":"o-nas","status":"publish","type":"page","link":"https:\/\/www.darkdiamond.cz\/?page_id=30","title":{"rendered":"O n\u00e1s"},"content":{"rendered":"<p>Ostravsk\u00e1 spole\u010dnost\u00a0<strong>DARK DIAMOND DEVELOP a.s.<\/strong>\u00a0je mlad\u00e1, progresivn\u00ed firma, zalo\u017een\u00e1 v roce 2010. Byla zalo\u017eena jako obchodn\u00ed firma zab\u00fdvaj\u00edc\u00ed se velkoobchodn\u00edm prodejem v\u00fdpo\u010detn\u00ed techniky, ale velmi brzy se vyprofilovala jako spolehliv\u00fd dodavatel spot\u0159ebn\u00edho materi\u00e1lu pro tisk\u00e1rny a tiskov\u00e1 \u0159e\u0161en\u00ed obecn\u011b.<\/p>\n<p>Paraleln\u011b s tiskovou diviz\u00ed funguje od roku 2010 i divize s realitami, kter\u00e1 nakupuje a prod\u00e1v\u00e1 od pozemk\u016f, byty a\u017e po rodinn\u00e9 domy.<\/p>\n<p>S\u00eddlo spole\u010dnosti je v Ostrav\u011b. D\u00edky\u00a0profesion\u00e1ln\u00edmu p\u0159\u00edstupu jsme z\u00edskali v\u00fdznamn\u00e9 obchodn\u00ed partnery d\u00edky kter\u00fdm jsme ji\u017e v prvn\u00edm roce dos\u00e1hli zaj\u00edmav\u00fdch prodejn\u00edch v\u00fdsledk\u016f<\/p>\n<p><a href=\"http:\/\/www.darkdiamond.cz\/wp-content\/uploads\/ostrava.jpg\"><img loading=\"lazy\" decoding=\"async\" class=\"alignnone size-full wp-image-125\" src=\"http:\/\/www.darkdiamond.cz\/wp-content\/uploads\/ostrava.jpg\" alt=\"\" width=\"1920\" height=\"1281\" srcset=\"https:\/\/www.darkdiamond.cz\/wp-content\/uploads\/ostrava.jpg 1920w, https:\/\/www.darkdiamond.cz\/wp-content\/uploads\/ostrava-300x200.jpg 300w, https:\/\/www.darkdiamond.cz\/wp-content\/uploads\/ostrava-768x512.jpg 768w, https:\/\/www.darkdiamond.cz\/wp-content\/uploads\/ostrava-1024x683.jpg 1024w, https:\/\/www.darkdiamond.cz\/wp-content\/uploads\/ostrava-624x416.jpg 624w\" sizes=\"auto, (max-width: 1920px) 100vw, 1920px\" \/><\/a><\/p>\n","protected":false},"excerpt":{"rendered":"<p>Ostravsk\u00e1 spole\u010dnost\u00a0DARK DIAMOND DEVELOP a.s.\u00a0je mlad\u00e1, progresivn\u00ed firma, zalo\u017een\u00e1 v roce 2010. Byla zalo\u017eena jako obchodn\u00ed firma zab\u00fdvaj\u00edc\u00ed se velkoobchodn\u00edm prodejem v\u00fdpo\u010detn\u00ed techniky, ale velmi brzy se vyprofilovala jako spolehliv\u00fd dodavatel spot\u0159ebn\u00edho materi\u00e1lu pro tisk\u00e1rny a tiskov\u00e1 \u0159e\u0161en\u00ed obecn\u011b. Paraleln\u011b s tiskovou diviz\u00ed funguje od roku 2010 i divize s realitami, kter\u00e1 nakupuje a prod\u00e1v\u00e1 [&hellip;]<\/p>\n","protected":false},"author":1,"featured_media":0,"parent":0,"menu_order":0,"comment_status":"closed","ping_status":"closed","template":"","meta":{"footnotes":""},"class_list":["post-30","page","type-page","status-publish","hentry"],"_links":{"self":[{"href":"https:\/\/www.darkdiamond.cz\/index.php?rest_route=\/wp\/v2\/pages\/30","targetHints":{"allow":["GET"]}}],"collection":[{"href":"https:\/\/www.darkdiamond.cz\/index.php?rest_route=\/wp\/v2\/pages"}],"about":[{"href":"https:\/\/www.darkdiamond.cz\/index.php?rest_route=\/wp\/v2\/types\/page"}],"author":[{"embeddable":true,"href":"https:\/\/www.darkdiamond.cz\/index.php?rest_route=\/wp\/v2\/users\/1"}],"replies":[{"embeddable":true,"href":"https:\/\/www.darkdiamond.cz\/index.php?rest_route=%2Fwp%2Fv2%2Fcomments&post=30"}],"version-history":[{"count":6,"href":"https:\/\/www.darkdiamond.cz\/index.php?rest_route=\/wp\/v2\/pages\/30\/revisions"}],"predecessor-version":[{"id":192,"href":"https:\/\/www.darkdiamond.cz\/index.php?rest_route=\/wp\/v2\/pages\/30\/revisions\/192"}],"wp:attachment":[{"href":"https:\/\/www.darkdiamond.cz\/index.php?rest_route=%2Fwp%2Fv2%2Fmedia&parent=30"}],"curies":[{"name":"wp","href":"https:\/\/api.w.org\/{rel}","templated":true}]}}